{"id":33,"date":"2024-11-28T17:35:31","date_gmt":"2024-11-28T17:35:31","guid":{"rendered":"https:\/\/macdaniels.com.mx\/blog\/?post_type=product&#038;p=33"},"modified":"2024-11-28T17:35:31","modified_gmt":"2024-11-28T17:35:31","slug":"laptop-dell-latitude-5400-core-i7-touch-screen-teclado-ingles","status":"publish","type":"product","link":"https:\/\/macdaniels.com.mx\/blog\/producto\/laptop-dell-latitude-5400-core-i7-touch-screen-teclado-ingles\/","title":{"rendered":"Laptop Dell Latitude 5400 Core i7 Touch Screen TECLADO INGLES"},"content":{"rendered":"<p>Est\u00e9tica de 9 considerando que es un equipo usado. Garant\u00eda del equipo de 1 mes por defecto de fabrica (no aplica en bater\u00edas y desgaste est\u00e9tica, ya que es consumible y un producto\u00a0usado.)<\/p>\n<ul>\n<li>Procesador Core i7 8665U octava generaci\u00f3n<\/li>\n<li>Monitor de 14\u201d<\/li>\n<li>16GB RAM DDR4<\/li>\n<li>256GB Disco Duro S\u00f3lido<\/li>\n<li>Bater\u00eda en buen estado 3 o 4 corazones<\/li>\n<li>Incluye cargador usado. (100% funcional con detalles est\u00e9ticos, rasgado o con defectos est\u00e9ticos).<\/li>\n<\/ul>\n","protected":false},"excerpt":{"rendered":"<p>Est\u00e9tica de 9 considerando que es un equipo usado. Garant\u00eda del equipo de 1 mes por defecto de fabrica<\/p>\n","protected":false},"featured_media":38,"comment_status":"open","ping_status":"closed","template":"","meta":[],"product_brand":[],"product_cat":[18],"product_tag":[],"class_list":{"0":"post-33","1":"product","2":"type-product","3":"status-publish","4":"has-post-thumbnail","6":"product_cat-laptop","8":"first","9":"instock","10":"shipping-taxable","11":"purchasable","12":"product-type-simple"},"_links":{"self":[{"href":"https:\/\/macdaniels.com.mx\/blog\/wp-json\/wp\/v2\/product\/33","targetHints":{"allow":["GET"]}}],"collection":[{"href":"https:\/\/macdaniels.com.mx\/blog\/wp-json\/wp\/v2\/product"}],"about":[{"href":"https:\/\/macdaniels.com.mx\/blog\/wp-json\/wp\/v2\/types\/product"}],"replies":[{"embeddable":true,"href":"https:\/\/macdaniels.com.mx\/blog\/wp-json\/wp\/v2\/comments?post=33"}],"wp:featuredmedia":[{"embeddable":true,"href":"https:\/\/macdaniels.com.mx\/blog\/wp-json\/wp\/v2\/media\/38"}],"wp:attachment":[{"href":"https:\/\/macdaniels.com.mx\/blog\/wp-json\/wp\/v2\/media?parent=33"}],"wp:term":[{"taxonomy":"product_brand","embeddable":true,"href":"https:\/\/macdaniels.com.mx\/blog\/wp-json\/wp\/v2\/product_brand?post=33"},{"taxonomy":"product_cat","embeddable":true,"href":"https:\/\/macdaniels.com.mx\/blog\/wp-json\/wp\/v2\/product_cat?post=33"},{"taxonomy":"product_tag","embeddable":true,"href":"https:\/\/macdaniels.com.mx\/blog\/wp-json\/wp\/v2\/product_tag?post=33"}],"curies":[{"name":"wp","href":"https:\/\/api.w.org\/{rel}","templated":true}]}}