{"id":47,"date":"2024-11-28T17:41:22","date_gmt":"2024-11-28T17:41:22","guid":{"rendered":"https:\/\/macdaniels.com.mx\/blog\/?post_type=product&#038;p=47"},"modified":"2024-11-28T17:41:22","modified_gmt":"2024-11-28T17:41:22","slug":"laptop-dell-latitude-5400-core-i7-touch-screen-teclado-ingles-2","status":"publish","type":"product","link":"https:\/\/macdaniels.com.mx\/blog\/producto\/laptop-dell-latitude-5400-core-i7-touch-screen-teclado-ingles-2\/","title":{"rendered":"Laptop Dell Latitude 5400 Core i7 Touch Screen TECLADO INGLES"},"content":{"rendered":"<p>Procesador Core i7 8665U octava generaci\u00f3n<br \/>\nmonitor de 14\u201d<br \/>\n16GB RAM DDR4<br \/>\n256GB Disco Duro S\u00f3lido<br \/>\nBater\u00eda en buen estado 3 o 4 corazones<br \/>\nIncluye cargador usado. (100% funcional con detalles est\u00e9ticos, rasgado o con defectos est\u00e9ticos).<br \/>\nEst\u00e9tica de 9 considerando que es un equipo usado.<br \/>\nGarant\u00eda del equipo de 1 mes por defecto de fabrica (no aplica en bater\u00edas y desgaste est\u00e9tica, ya que es consumible y un producto\u00a0usado.)<\/p>\n","protected":false},"excerpt":{"rendered":"<p>Procesador Core i7 8665U octava generaci\u00f3n monitor de 14\u201d 16GB RAM DDR4 256GB Disco Duro S\u00f3lido Bater\u00eda en buen estado 3 o 4 corazones Incluye cargador usado. (100% funcional con detalles est\u00e9ticos, rasgado o con defectos est\u00e9ticos). Est\u00e9tica de 9 considerando que es un equipo usado. Garant\u00eda del equipo de 1 mes por defecto de &#8230; <a title=\"Laptop Dell Latitude 5400 Core i7 Touch Screen TECLADO INGLES\" class=\"read-more\" href=\"https:\/\/macdaniels.com.mx\/blog\/producto\/laptop-dell-latitude-5400-core-i7-touch-screen-teclado-ingles-2\/\" aria-label=\"Leer m\u00e1s sobre Laptop Dell Latitude 5400 Core i7 Touch Screen TECLADO INGLES\">Leer m\u00e1s<\/a><\/p>\n","protected":false},"featured_media":48,"comment_status":"open","ping_status":"closed","template":"","meta":[],"product_brand":[],"product_cat":[16],"product_tag":[],"class_list":{"0":"post-47","1":"product","2":"type-product","3":"status-publish","4":"has-post-thumbnail","6":"product_cat-sin-categorizar","8":"first","9":"instock","10":"shipping-taxable","11":"purchasable","12":"product-type-simple"},"_links":{"self":[{"href":"https:\/\/macdaniels.com.mx\/blog\/wp-json\/wp\/v2\/product\/47","targetHints":{"allow":["GET"]}}],"collection":[{"href":"https:\/\/macdaniels.com.mx\/blog\/wp-json\/wp\/v2\/product"}],"about":[{"href":"https:\/\/macdaniels.com.mx\/blog\/wp-json\/wp\/v2\/types\/product"}],"replies":[{"embeddable":true,"href":"https:\/\/macdaniels.com.mx\/blog\/wp-json\/wp\/v2\/comments?post=47"}],"wp:featuredmedia":[{"embeddable":true,"href":"https:\/\/macdaniels.com.mx\/blog\/wp-json\/wp\/v2\/media\/48"}],"wp:attachment":[{"href":"https:\/\/macdaniels.com.mx\/blog\/wp-json\/wp\/v2\/media?parent=47"}],"wp:term":[{"taxonomy":"product_brand","embeddable":true,"href":"https:\/\/macdaniels.com.mx\/blog\/wp-json\/wp\/v2\/product_brand?post=47"},{"taxonomy":"product_cat","embeddable":true,"href":"https:\/\/macdaniels.com.mx\/blog\/wp-json\/wp\/v2\/product_cat?post=47"},{"taxonomy":"product_tag","embeddable":true,"href":"https:\/\/macdaniels.com.mx\/blog\/wp-json\/wp\/v2\/product_tag?post=47"}],"curies":[{"name":"wp","href":"https:\/\/api.w.org\/{rel}","templated":true}]}}