{"id":57,"date":"2024-11-28T17:46:58","date_gmt":"2024-11-28T17:46:58","guid":{"rendered":"https:\/\/macdaniels.com.mx\/blog\/?post_type=product&#038;p=57"},"modified":"2024-11-28T17:46:58","modified_gmt":"2024-11-28T17:46:58","slug":"laptop-lenovo-l13-core-i5-decima","status":"publish","type":"product","link":"https:\/\/macdaniels.com.mx\/blog\/producto\/laptop-lenovo-l13-core-i5-decima\/","title":{"rendered":"Laptop Lenovo L13 core i5 decima"},"content":{"rendered":"<p>Procesador Core i5-10210u decima generaci\u00f3n<br \/>\nmonitor de 13.3\u201d<br \/>\n16GB RAM DDR4<br \/>\n256GB Disco Duro s\u00f3lido<br \/>\nBater\u00eda en buen estado<br \/>\nIncluye cargador usado. (100% funcional con detalles est\u00e9ticos).<br \/>\nEst\u00e9tica de 9.0 considerando que es un equipo usado, teclado.<br \/>\nGarant\u00eda del equipo de 1 mes por defecto de fabrica (no aplica en bater\u00edas y desgaste est\u00e9tica, ya que es consumible y un producto usado.)<\/p>\n","protected":false},"excerpt":{"rendered":"<p>Procesador Core i5-10210u decima generaci\u00f3n monitor de 13.3\u201d 16GB RAM DDR4 256GB Disco Duro s\u00f3lido Bater\u00eda en buen estado Incluye cargador usado. (100% funcional con detalles est\u00e9ticos). Est\u00e9tica de 9.0 considerando que es un equipo usado, teclado. Garant\u00eda del equipo de 1 mes por defecto de fabrica (no aplica en bater\u00edas y desgaste est\u00e9tica, ya &#8230; <a title=\"Laptop Lenovo L13 core i5 decima\" class=\"read-more\" href=\"https:\/\/macdaniels.com.mx\/blog\/producto\/laptop-lenovo-l13-core-i5-decima\/\" aria-label=\"Leer m\u00e1s sobre Laptop Lenovo L13 core i5 decima\">Leer m\u00e1s<\/a><\/p>\n","protected":false},"featured_media":58,"comment_status":"open","ping_status":"closed","template":"","meta":[],"product_brand":[],"product_cat":[18],"product_tag":[],"class_list":{"0":"post-57","1":"product","2":"type-product","3":"status-publish","4":"has-post-thumbnail","6":"product_cat-laptop","8":"first","9":"instock","10":"sale","11":"shipping-taxable","12":"purchasable","13":"product-type-simple"},"_links":{"self":[{"href":"https:\/\/macdaniels.com.mx\/blog\/wp-json\/wp\/v2\/product\/57","targetHints":{"allow":["GET"]}}],"collection":[{"href":"https:\/\/macdaniels.com.mx\/blog\/wp-json\/wp\/v2\/product"}],"about":[{"href":"https:\/\/macdaniels.com.mx\/blog\/wp-json\/wp\/v2\/types\/product"}],"replies":[{"embeddable":true,"href":"https:\/\/macdaniels.com.mx\/blog\/wp-json\/wp\/v2\/comments?post=57"}],"wp:featuredmedia":[{"embeddable":true,"href":"https:\/\/macdaniels.com.mx\/blog\/wp-json\/wp\/v2\/media\/58"}],"wp:attachment":[{"href":"https:\/\/macdaniels.com.mx\/blog\/wp-json\/wp\/v2\/media?parent=57"}],"wp:term":[{"taxonomy":"product_brand","embeddable":true,"href":"https:\/\/macdaniels.com.mx\/blog\/wp-json\/wp\/v2\/product_brand?post=57"},{"taxonomy":"product_cat","embeddable":true,"href":"https:\/\/macdaniels.com.mx\/blog\/wp-json\/wp\/v2\/product_cat?post=57"},{"taxonomy":"product_tag","embeddable":true,"href":"https:\/\/macdaniels.com.mx\/blog\/wp-json\/wp\/v2\/product_tag?post=57"}],"curies":[{"name":"wp","href":"https:\/\/api.w.org\/{rel}","templated":true}]}}